{"id":359,"date":"2019-11-25T15:48:40","date_gmt":"2019-11-25T14:48:40","guid":{"rendered":"https:\/\/stay.vatternrundan.se\/?page_id=359"},"modified":"2026-03-20T11:26:42","modified_gmt":"2026-03-20T10:26:42","slug":"eng","status":"publish","type":"page","link":"https:\/\/stay.vatternrundan.se\/en\/","title":{"rendered":"Start B"},"content":{"rendered":"\n<h2>\n\t\tBOOK ACCOMMODATION FOR THE BIKE WEEK!\n\t<\/h2>\n<h1>\n\t\tV\u00e4tternrundan&#8217;s Ride &#038; Rest lodgings and camping\n\t<\/h1>\n\t<p>During Bike week, V\u00e4tternrundan offers its own accommodation options &#8211; choose between our scenic temporary campsite at R\u00e5ssn\u00e4sudden or one of our simple and affordable Ride &amp; Rest lodgings at Motala Sporthall and V\u00e4tternrundan Arena.<\/p>\n<p><strong>Bookings for 2026 are open!<\/strong><\/p>\n\t<meta itemscope itemprop=\"mainEntityOfPage\" itemtype=\"https:\/\/schema.org\/WebPage\" itemid=\"http:\/\/23785\" content=\"Dunteberget with electricity\" \/><meta itemprop=\"datePublished\" content=\"2026-03-20\" \/><meta itemprop=\"dateModified\" content=\"2026-03-20\" \/><meta itemprop=\"name\" content=\"Boka boende - V\u00e4tternrundan\"\/><meta itemprop=\"url\" content=\"https:\/\/stay.vatternrundan.se\/en\/author\/lisa-jensen\/\" \/><meta itemprop=\"name\" content=\"Lisa Jensen\" \/><meta itemprop=\"url\" content=\"https:\/\/stay.vatternrundan.se\/wp-content\/uploads\/2026\/03\/Accommodation-Type-el.png\" \/><meta itemprop=\"width\" content=\"1000\" \/><meta itemprop=\"height\" content=\"350\" \/><meta itemprop=\"interactionType\" content=\"https:\/\/schema.org\/CommentAction\" \/><meta itemprop=\"userInteractionCount\" content=\"0\" \/><a href='https:\/\/stay.vatternrundan.se\/en\/accommodation\/dunteberget-with-electricity\/' title='Dunteberget with electricity'><img width=\"1000\" height=\"350\" src=\"https:\/\/stay.vatternrundan.se\/wp-content\/uploads\/2026\/03\/Accommodation-Type-el.png\" alt=\"\" itemprop=\"image\" decoding=\"async\" loading=\"lazy\" srcset=\"https:\/\/stay.vatternrundan.se\/wp-content\/uploads\/2026\/03\/Accommodation-Type-el.png 1000w, https:\/\/stay.vatternrundan.se\/wp-content\/uploads\/2026\/03\/Accommodation-Type-el-300x105.png 300w, https:\/\/stay.vatternrundan.se\/wp-content\/uploads\/2026\/03\/Accommodation-Type-el-768x269.png 768w\" sizes=\"(max-width: 1000px) 100vw, 1000px\" \/><\/a>\n        Camping\n        <h2><a href='https:\/\/stay.vatternrundan.se\/en\/accommodation\/dunteberget-with-electricity\/' title='Dunteberget with electricity'>Dunteberget with electricity<\/a><\/h2>\n            <p>Choose to stay in your own caravan or motorhome at our temporary camping site at Dunteberget. There are a limited amount of pitches with electric hook-ups. Awnings\/tent are not allowed. An extra fee of 250 SEK will apply for extra car (to park at designated place).<\/p>\n            <p><strong>Price:<\/strong> 1500 SEK\/carriage<\/p>\n    <a href=\"https:\/\/stay.vatternrundan.se\/en\/accommodation\/dunteberget-with-electricity\/\">Read more and book<\/a>\n\t<meta itemscope itemprop=\"mainEntityOfPage\" itemtype=\"https:\/\/schema.org\/WebPage\" itemid=\"http:\/\/3550\" content=\"R\u00e5ssn\u00e4s with electricity\" \/><meta itemprop=\"datePublished\" content=\"2019-12-09\" \/><meta itemprop=\"dateModified\" content=\"2026-02-05\" \/><meta itemprop=\"name\" content=\"Boka boende - V\u00e4tternrundan\"\/><meta itemprop=\"url\" content=\"https:\/\/stay.vatternrundan.se\/en\/author\/root\/\" \/><meta itemprop=\"name\" content=\"root\" \/><meta itemprop=\"url\" content=\"https:\/\/stay.vatternrundan.se\/wp-content\/uploads\/2025\/02\/El_platser-1.png\" \/><meta itemprop=\"width\" content=\"1000\" \/><meta itemprop=\"height\" content=\"350\" \/><meta itemprop=\"interactionType\" content=\"https:\/\/schema.org\/CommentAction\" \/><meta itemprop=\"userInteractionCount\" content=\"0\" \/><a href='https:\/\/stay.vatternrundan.se\/en\/accommodation\/rasnass-with-electricity\/' title='R\u00e5ssn\u00e4s with electricity'><img width=\"1000\" height=\"350\" src=\"https:\/\/stay.vatternrundan.se\/wp-content\/uploads\/2025\/02\/El_platser-1.png\" alt=\"\" itemprop=\"image\" decoding=\"async\" loading=\"lazy\" srcset=\"https:\/\/stay.vatternrundan.se\/wp-content\/uploads\/2025\/02\/El_platser-1.png 1000w, https:\/\/stay.vatternrundan.se\/wp-content\/uploads\/2025\/02\/El_platser-1-300x105.png 300w, https:\/\/stay.vatternrundan.se\/wp-content\/uploads\/2025\/02\/El_platser-1-768x269.png 768w\" sizes=\"(max-width: 1000px) 100vw, 1000px\" \/><\/a>\n        Camping\n        <h2><a href='https:\/\/stay.vatternrundan.se\/en\/accommodation\/rasnass-with-electricity\/' title='R\u00e5ssn\u00e4s with electricity'>R\u00e5ssn\u00e4s with electricity<\/a><\/h2>\n            <p>Fully booked June 12-13, 2026 Choose to stay in your own caravan or motorhome at our temporary camping site at R\u00e5ssn\u00e4sudden, located just a stone&#8217;s throw from lake V\u00e4ttern&#8217;s shores. There are a limited amount of pitches with electric hook-ups. Awnings\/tent are not allowed. An extra fee of 250 SEK will apply for extra car&#8230;<\/p>\n            <p><strong>Price:<\/strong> 1500 SEK\/carriage<\/p>\n    <a href=\"https:\/\/stay.vatternrundan.se\/en\/accommodation\/rasnass-with-electricity\/\">Read more and book<\/a>\n\t<meta itemscope itemprop=\"mainEntityOfPage\" itemtype=\"https:\/\/schema.org\/WebPage\" itemid=\"http:\/\/1421\" content=\"R\u00e5ssn\u00e4s\" \/><meta itemprop=\"datePublished\" content=\"2019-11-27\" \/><meta itemprop=\"dateModified\" content=\"2026-02-05\" \/><meta itemprop=\"name\" content=\"Boka boende - V\u00e4tternrundan\"\/><meta itemprop=\"url\" content=\"https:\/\/stay.vatternrundan.se\/en\/author\/root\/\" \/><meta itemprop=\"name\" content=\"root\" \/><meta itemprop=\"url\" content=\"https:\/\/stay.vatternrundan.se\/wp-content\/uploads\/2019\/11\/rassnas.png\" \/><meta itemprop=\"width\" content=\"3264\" \/><meta itemprop=\"height\" content=\"1142\" \/><meta itemprop=\"interactionType\" content=\"https:\/\/schema.org\/CommentAction\" \/><meta itemprop=\"userInteractionCount\" content=\"0\" \/><a href='https:\/\/stay.vatternrundan.se\/en\/accommodation\/rassnas\/' title='R\u00e5ssn\u00e4s'><img width=\"1000\" height=\"350\" src=\"https:\/\/stay.vatternrundan.se\/wp-content\/uploads\/2019\/11\/rassnas-1000x350.png\" alt=\"\" itemprop=\"image\" decoding=\"async\" loading=\"lazy\" srcset=\"https:\/\/stay.vatternrundan.se\/wp-content\/uploads\/2019\/11\/rassnas-1000x350.png 1000w, https:\/\/stay.vatternrundan.se\/wp-content\/uploads\/2019\/11\/rassnas-300x105.png 300w, https:\/\/stay.vatternrundan.se\/wp-content\/uploads\/2019\/11\/rassnas-1024x358.png 1024w, https:\/\/stay.vatternrundan.se\/wp-content\/uploads\/2019\/11\/rassnas-768x269.png 768w, https:\/\/stay.vatternrundan.se\/wp-content\/uploads\/2019\/11\/rassnas-1536x537.png 1536w, https:\/\/stay.vatternrundan.se\/wp-content\/uploads\/2019\/11\/rassnas-2048x717.png 2048w\" sizes=\"(max-width: 1000px) 100vw, 1000px\" \/><\/a>\n        Camping\n        <h2><a href='https:\/\/stay.vatternrundan.se\/en\/accommodation\/rassnas\/' title='R\u00e5ssn\u00e4s'>R\u00e5ssn\u00e4s<\/a><\/h2>\n            <p>Choose to stay in your own caravan or motorhome at our temporary camping site at R\u00e5ssn\u00e4sudden, located just a stone&#8217;s throw from lake V\u00e4ttern&#8217;s shores. One car is included in the price. An extra fee of 250 SEK will apply for awnings, extra tent or extra car.<\/p>\n            <p><strong>Price:<\/strong> 1000 SEK\/carriage without electricity<\/p>\n    <a href=\"https:\/\/stay.vatternrundan.se\/en\/accommodation\/rassnas\/\">Read more and book<\/a>\n\t<meta itemscope itemprop=\"mainEntityOfPage\" itemtype=\"https:\/\/schema.org\/WebPage\" itemid=\"http:\/\/7120\" content=\"R\u00e5ssn\u00e4s tent\" \/><meta itemprop=\"datePublished\" content=\"2021-11-10\" \/><meta itemprop=\"dateModified\" content=\"2026-02-05\" \/><meta itemprop=\"name\" content=\"Boka boende - V\u00e4tternrundan\"\/><meta itemprop=\"url\" content=\"https:\/\/stay.vatternrundan.se\/en\/author\/andreas-andersson\/\" \/><meta itemprop=\"name\" content=\"Andreas Andersson\" \/><meta itemprop=\"url\" content=\"https:\/\/stay.vatternrundan.se\/wp-content\/uploads\/2021\/11\/talt.png\" \/><meta itemprop=\"width\" content=\"1000\" \/><meta itemprop=\"height\" content=\"350\" \/><meta itemprop=\"interactionType\" content=\"https:\/\/schema.org\/CommentAction\" \/><meta itemprop=\"userInteractionCount\" content=\"0\" \/><a href='https:\/\/stay.vatternrundan.se\/en\/accommodation\/rassnas-tent\/' title='R\u00e5ssn\u00e4s tent'><img width=\"1000\" height=\"350\" src=\"https:\/\/stay.vatternrundan.se\/wp-content\/uploads\/2021\/11\/talt.png\" alt=\"\" itemprop=\"image\" decoding=\"async\" loading=\"lazy\" srcset=\"https:\/\/stay.vatternrundan.se\/wp-content\/uploads\/2021\/11\/talt.png 1000w, https:\/\/stay.vatternrundan.se\/wp-content\/uploads\/2021\/11\/talt-300x105.png 300w, https:\/\/stay.vatternrundan.se\/wp-content\/uploads\/2021\/11\/talt-768x269.png 768w\" sizes=\"(max-width: 1000px) 100vw, 1000px\" \/><\/a>\n        Camping\n        <h2><a href='https:\/\/stay.vatternrundan.se\/en\/accommodation\/rassnas-tent\/' title='R\u00e5ssn\u00e4s tent'>R\u00e5ssn\u00e4s tent<\/a><\/h2>\n            <p>Book a pitch for your own tent at our temporary camping site at R\u00e5ssn\u00e4sudden, located just a stone&#8217;s throw from lake V\u00e4ttern&#8217;s shores.<\/p>\n            <p><strong>Price:<\/strong> 650 SEK\/tent, weekend (without electricity)<\/p>\n    <a href=\"https:\/\/stay.vatternrundan.se\/en\/accommodation\/rassnas-tent\/\">Read more and book<\/a>\n\t<meta itemscope itemprop=\"mainEntityOfPage\" itemtype=\"https:\/\/schema.org\/WebPage\" itemid=\"http:\/\/1419\" content=\"V\u00e4tternrundan Arena\" \/><meta itemprop=\"datePublished\" content=\"2022-07-27\" \/><meta itemprop=\"dateModified\" content=\"2026-02-05\" \/><meta itemprop=\"name\" content=\"Boka boende - V\u00e4tternrundan\"\/><meta itemprop=\"url\" content=\"https:\/\/stay.vatternrundan.se\/en\/author\/root\/\" \/><meta itemprop=\"name\" content=\"root\" \/><meta itemprop=\"url\" content=\"https:\/\/stay.vatternrundan.se\/wp-content\/uploads\/2020\/09\/vatternrundanarena.jpg\" \/><meta itemprop=\"width\" content=\"1000\" \/><meta itemprop=\"height\" content=\"350\" \/><meta itemprop=\"interactionType\" content=\"https:\/\/schema.org\/CommentAction\" \/><meta itemprop=\"userInteractionCount\" content=\"0\" \/><a href='https:\/\/stay.vatternrundan.se\/en\/accommodation\/vatternrundan-arena\/' title='V\u00e4tternrundan Arena'><img width=\"1000\" height=\"350\" src=\"https:\/\/stay.vatternrundan.se\/wp-content\/uploads\/2020\/09\/vatternrundanarena-1000x350.jpg\" alt=\"V\u00e4tternrundan Arena\" itemprop=\"image\" decoding=\"async\" loading=\"lazy\" srcset=\"https:\/\/stay.vatternrundan.se\/wp-content\/uploads\/2020\/09\/vatternrundanarena.jpg 1000w, https:\/\/stay.vatternrundan.se\/wp-content\/uploads\/2020\/09\/vatternrundanarena-300x105.jpg 300w, https:\/\/stay.vatternrundan.se\/wp-content\/uploads\/2020\/09\/vatternrundanarena-768x269.jpg 768w\" sizes=\"(max-width: 1000px) 100vw, 1000px\" \/><\/a>\n        Group accommodation, Ride &amp; Rest (Budget)\n        <h2><a href='https:\/\/stay.vatternrundan.se\/en\/accommodation\/vatternrundan-arena\/' title='V\u00e4tternrundan Arena'>V\u00e4tternrundan Arena<\/a><\/h2>\n            <p>Welcome to V\u00e4tternrundan Arena! \ud83c\udfd5\ufe0f Here you&#8217;ll sleep on a hard floor in a classic sports hall, side by side with fellow cycling enthusiasts. Bring your mattress, sleeping bag, and your best race-day energy &#8211; because here, it&#8217;s all about cycling, camaraderie, and a little bit of hard floor!<\/p>\n            <p><strong>Price:<\/strong> 400 SEK\/night, 650 SEK\/weekend<\/p>\n    <a href=\"https:\/\/stay.vatternrundan.se\/en\/accommodation\/vatternrundan-arena\/\">Read more and book<\/a>\n\t<meta itemscope itemprop=\"mainEntityOfPage\" itemtype=\"https:\/\/schema.org\/WebPage\" itemid=\"http:\/\/1420\" content=\"Motala Sporthall\" \/><meta itemprop=\"datePublished\" content=\"2019-02-27\" \/><meta itemprop=\"dateModified\" content=\"2026-02-05\" \/><meta itemprop=\"name\" content=\"Boka boende - V\u00e4tternrundan\"\/><meta itemprop=\"url\" content=\"https:\/\/stay.vatternrundan.se\/en\/author\/root\/\" \/><meta itemprop=\"name\" content=\"root\" \/><meta itemprop=\"url\" content=\"https:\/\/stay.vatternrundan.se\/wp-content\/uploads\/2019\/10\/sporthallen-original-180505.jpg\" \/><meta itemprop=\"width\" content=\"1500\" \/><meta itemprop=\"height\" content=\"1125\" \/><meta itemprop=\"interactionType\" content=\"https:\/\/schema.org\/CommentAction\" \/><meta itemprop=\"userInteractionCount\" content=\"0\" \/><a href='https:\/\/stay.vatternrundan.se\/en\/accommodation\/motala-sporthall\/' title='Motala Sporthall'><img width=\"1000\" height=\"350\" src=\"https:\/\/stay.vatternrundan.se\/wp-content\/uploads\/2019\/10\/sporthallen-original-180505-1000x350.jpg\" alt=\"\" itemprop=\"image\" decoding=\"async\" loading=\"lazy\" \/><\/a>\n        Group accommodation, Ride &amp; Rest (Budget)\n        <h2><a href='https:\/\/stay.vatternrundan.se\/en\/accommodation\/motala-sporthall\/' title='Motala Sporthall'>Motala Sporthall<\/a><\/h2>\n            <p>Welcome to Motala Sports Hall! Just a few minutes&#8217; bike ride from the start, you&#8217;ll be staying on a hard surface in a classic gym hall, side by side with fellow cyclists. Bring your mattress, sleeping bag, and your best race spirit \ud83d\udcaa For stays Friday-Saturday, check-out is no later than 3:00 PM on Saturday&#8230;.<\/p>\n            <p><strong>Price:<\/strong> 400 SEK\/night, 650 SEK\/weekend<\/p>\n    <a href=\"https:\/\/stay.vatternrundan.se\/en\/accommodation\/motala-sporthall\/\">Read more and book<\/a>\n\t<meta itemscope itemprop=\"mainEntityOfPage\" itemtype=\"https:\/\/schema.org\/WebPage\" itemid=\"http:\/\/22348\" content=\"Motala Sporthall &#8211; Girls' room\" \/><meta itemprop=\"datePublished\" content=\"2025-10-21\" \/><meta itemprop=\"dateModified\" content=\"2026-02-05\" \/><meta itemprop=\"name\" content=\"Boka boende - V\u00e4tternrundan\"\/><meta itemprop=\"url\" content=\"https:\/\/stay.vatternrundan.se\/en\/author\/lisa-jensen\/\" \/><meta itemprop=\"name\" content=\"Lisa Jensen\" \/><meta itemprop=\"url\" content=\"https:\/\/stay.vatternrundan.se\/wp-content\/uploads\/2025\/10\/sporthallen-original-180505-a-1.png\" \/><meta itemprop=\"width\" content=\"1500\" \/><meta itemprop=\"height\" content=\"525\" \/><meta itemprop=\"interactionType\" content=\"https:\/\/schema.org\/CommentAction\" \/><meta itemprop=\"userInteractionCount\" content=\"0\" \/><a href='https:\/\/stay.vatternrundan.se\/en\/accommodation\/motala-sporthall-girlsroom\/' title='Motala Sporthall &#8211; Girls' room'><img width=\"1000\" height=\"350\" src=\"https:\/\/stay.vatternrundan.se\/wp-content\/uploads\/2025\/10\/sporthallen-original-180505-a-1-1000x350.png\" alt=\"\" itemprop=\"image\" decoding=\"async\" loading=\"lazy\" srcset=\"https:\/\/stay.vatternrundan.se\/wp-content\/uploads\/2025\/10\/sporthallen-original-180505-a-1-1000x350.png 1000w, https:\/\/stay.vatternrundan.se\/wp-content\/uploads\/2025\/10\/sporthallen-original-180505-a-1-300x105.png 300w, https:\/\/stay.vatternrundan.se\/wp-content\/uploads\/2025\/10\/sporthallen-original-180505-a-1-1024x358.png 1024w, https:\/\/stay.vatternrundan.se\/wp-content\/uploads\/2025\/10\/sporthallen-original-180505-a-1-768x269.png 768w, https:\/\/stay.vatternrundan.se\/wp-content\/uploads\/2025\/10\/sporthallen-original-180505-a-1.png 1500w\" sizes=\"(max-width: 1000px) 100vw, 1000px\" \/><\/a>\n        Group accommodation, Ride &amp; Rest (Budget)\n        <h2><a href='https:\/\/stay.vatternrundan.se\/en\/accommodation\/motala-sporthall-girlsroom\/' title='Motala Sporthall &#8211; Girls' room'>Motala Sporthall &#8211; Girls&#8217; room<\/a><\/h2>\n            <p>News! At Sporthallen you can now book and sleep in a room with only girls. You&#8217;ll still share bathrooms and common areas with all guests &#8211; but sleep in a room exclusively for women. Just a few minutes&#8217; bike ride from the start, you&#8217;ll stay on a hard floor in a classic gym hall, side&#8230;<\/p>\n            <p><strong>Price:<\/strong> 400 SEK\/night, 650 SEK\/weekend.<\/p>\n    <a href=\"https:\/\/stay.vatternrundan.se\/en\/accommodation\/motala-sporthall-girlsroom\/\">Read more and book<\/a>\n\t\t<!-- .pp-content-posts -->\n\n","protected":false},"excerpt":{"rendered":"<p>BOOK ACCOMMODATION FOR THE BIKE WEEK! V\u00e4tternrundan&#8217;s Ride &#038; Rest lodgings and camping During Bike week, V\u00e4tternrundan offers its own accommodation options &#8211; choose between our scenic temporary campsite at R\u00e5ssn\u00e4sudden or one of our simple and affordable Ride &amp; Rest lodgings at Motala Sporthall and V\u00e4tternrundan Arena. Bookings for 2026 are open! Camping Dunteberget [&hellip;]<\/p>\n","protected":false},"author":1,"featured_media":0,"parent":0,"menu_order":0,"comment_status":"closed","ping_status":"closed","template":"","meta":{"site-sidebar-layout":"default","site-content-layout":"default","ast-site-content-layout":"default","site-content-style":"default","site-sidebar-style":"default","ast-global-header-display":"","ast-banner-title-visibility":"","ast-main-header-display":"","ast-hfb-above-header-display":"","ast-hfb-below-header-display":"","ast-hfb-mobile-header-display":"","site-post-title":"disabled","ast-breadcrumbs-content":"","ast-featured-img":"","footer-sml-layout":"","theme-transparent-header-meta":"default","adv-header-id-meta":"","stick-header-meta":"","header-above-stick-meta":"","header-main-stick-meta":"","header-below-stick-meta":"","astra-migrate-meta-layouts":"set","ast-page-background-enabled":"default","ast-page-background-meta":{"desktop":{"background-color":"","background-image":"","background-repeat":"repeat","background-position":"center center","background-size":"auto","background-attachment":"scroll","background-type":"","background-media":"","overlay-type":"","overlay-color":"","overlay-opacity":"","overlay-gradient":""},"tablet":{"background-color":"","background-image":"","background-repeat":"repeat","background-position":"center center","background-size":"auto","background-attachment":"scroll","background-type":"","background-media":"","overlay-type":"","overlay-color":"","overlay-opacity":"","overlay-gradient":""},"mobile":{"background-color":"","background-image":"","background-repeat":"repeat","background-position":"center center","background-size":"auto","background-attachment":"scroll","background-type":"","background-media":"","overlay-type":"","overlay-color":"","overlay-opacity":"","overlay-gradient":""}},"ast-content-background-meta":{"desktop":{"background-color":"var(--ast-global-color-5)","background-image":"","background-repeat":"repeat","background-position":"center center","background-size":"auto","background-attachment":"scroll","background-type":"","background-media":"","overlay-type":"","overlay-color":"","overlay-opacity":"","overlay-gradient":""},"tablet":{"background-color":"var(--ast-global-color-5)","background-image":"","background-repeat":"repeat","background-position":"center center","background-size":"auto","background-attachment":"scroll","background-type":"","background-media":"","overlay-type":"","overlay-color":"","overlay-opacity":"","overlay-gradient":""},"mobile":{"background-color":"var(--ast-global-color-5)","background-image":"","background-repeat":"repeat","background-position":"center center","background-size":"auto","background-attachment":"scroll","background-type":"","background-media":"","overlay-type":"","overlay-color":"","overlay-opacity":"","overlay-gradient":""}},"footnotes":""},"_links":{"self":[{"href":"https:\/\/stay.vatternrundan.se\/en\/wp-json\/wp\/v2\/pages\/359"}],"collection":[{"href":"https:\/\/stay.vatternrundan.se\/en\/wp-json\/wp\/v2\/pages"}],"about":[{"href":"https:\/\/stay.vatternrundan.se\/en\/wp-json\/wp\/v2\/types\/page"}],"author":[{"embeddable":true,"href":"https:\/\/stay.vatternrundan.se\/en\/wp-json\/wp\/v2\/users\/1"}],"replies":[{"embeddable":true,"href":"https:\/\/stay.vatternrundan.se\/en\/wp-json\/wp\/v2\/comments?post=359"}],"version-history":[{"count":65,"href":"https:\/\/stay.vatternrundan.se\/en\/wp-json\/wp\/v2\/pages\/359\/revisions"}],"predecessor-version":[{"id":23786,"href":"https:\/\/stay.vatternrundan.se\/en\/wp-json\/wp\/v2\/pages\/359\/revisions\/23786"}],"wp:attachment":[{"href":"https:\/\/stay.vatternrundan.se\/en\/wp-json\/wp\/v2\/media?parent=359"}],"curies":[{"name":"wp","href":"https:\/\/api.w.org\/{rel}","templated":true}]}}